{"id":971,"date":"2019-02-19T23:23:22","date_gmt":"2019-02-19T23:23:22","guid":{"rendered":"http:\/\/northinkbrand.com\/?post_type=product&#038;p=971"},"modified":"2024-04-30T09:24:43","modified_gmt":"2024-04-30T09:24:43","slug":"camiseta-north-ink-rayo-x-mano-rayo","status":"publish","type":"product","link":"https:\/\/northinkbrand.com\/index.php\/producto\/camiseta-north-ink-rayo-x-mano-rayo\/","title":{"rendered":"Camiseta north ink rayo x mano rayo"},"content":{"rendered":"<p>Camiseta bordada con el nombre de la marca y nuestro m\u00edtico rayo en la parte delantera y nuestra mitiqu\u00edsima mano de f\u00e1tima con el mismo rayo amarillo dentro bordados por detr\u00e1s.<\/p>\n<ul>\n<li><strong>Composici\u00f3n<\/strong>: 100% Algod\u00f3n Cardado Y Ba\u00f1o Enzim\u00e1tico, Punto Liso<\/li>\n<li><strong>Gramaje<\/strong>: 190 g\/m\u00b2<\/li>\n<\/ul>\n<p>Todos nuestros productos son dise\u00f1ados y fabricados en comercio nacional.<\/p>\n","protected":false},"excerpt":{"rendered":"<blockquote><p>&nbsp;<\/p><\/blockquote>\n","protected":false},"featured_media":4387,"template":"","meta":[],"_links":{"self":[{"href":"https:\/\/northinkbrand.com\/index.php\/wp-json\/wp\/v2\/product\/971"}],"collection":[{"href":"https:\/\/northinkbrand.com\/index.php\/wp-json\/wp\/v2\/product"}],"about":[{"href":"https:\/\/northinkbrand.com\/index.php\/wp-json\/wp\/v2\/types\/product"}],"version-history":[{"count":3,"href":"https:\/\/northinkbrand.com\/index.php\/wp-json\/wp\/v2\/product\/971\/revisions"}],"predecessor-version":[{"id":8595,"href":"https:\/\/northinkbrand.com\/index.php\/wp-json\/wp\/v2\/product\/971\/revisions\/8595"}],"wp:featuredmedia":[{"embeddable":true,"href":"https:\/\/northinkbrand.com\/index.php\/wp-json\/wp\/v2\/media\/4387"}],"wp:attachment":[{"href":"https:\/\/northinkbrand.com\/index.php\/wp-json\/wp\/v2\/media?parent=971"}],"curies":[{"name":"wp","href":"https:\/\/api.w.org\/{rel}","templated":true}]}}