{"id":939,"date":"2019-02-17T21:45:17","date_gmt":"2019-02-17T21:45:17","guid":{"rendered":"http:\/\/northinkbrand.com\/?post_type=product&#038;p=939"},"modified":"2023-08-23T17:08:40","modified_gmt":"2023-08-23T17:08:40","slug":"sudadera-white-karma","status":"publish","type":"product","link":"https:\/\/northinkbrand.com\/index.php\/producto\/sudadera-white-karma\/","title":{"rendered":"SUDADERA WHITE KARMA"},"content":{"rendered":"<p>\u00a1\u00a1Este invierno es northe\u00f1o y lo sabes!! Las nuevas sudaderas de media cremallera son lo mejor para el fr\u00edo. Con nuestros cl\u00e1sicos logos bordados reinventados en nuevos colores. \u00a1Descubre nuestros tres modelos!<\/p>\n<p>MODELO WHITE KARMA: sudadera granate con el logo north ink rosa bordado en la parte delantera en blanco y negro y la mano de f\u00e1tima con la rosa blanca en la manga. Disponible en 3 tallas.<\/p>\n<h6><em>*La modelo lleva una talla M<\/em><\/h6>\n","protected":false},"excerpt":{"rendered":"<p>\u00a1\u00a1Este invierno es northe\u00f1o y lo sabes!! Las nuevas sudaderas de media cremallera son lo mejor para el fr\u00edo. Con&hellip;<\/p>\n","protected":false},"featured_media":4315,"template":"","meta":[],"_links":{"self":[{"href":"https:\/\/northinkbrand.com\/index.php\/wp-json\/wp\/v2\/product\/939"}],"collection":[{"href":"https:\/\/northinkbrand.com\/index.php\/wp-json\/wp\/v2\/product"}],"about":[{"href":"https:\/\/northinkbrand.com\/index.php\/wp-json\/wp\/v2\/types\/product"}],"version-history":[{"count":1,"href":"https:\/\/northinkbrand.com\/index.php\/wp-json\/wp\/v2\/product\/939\/revisions"}],"predecessor-version":[{"id":4345,"href":"https:\/\/northinkbrand.com\/index.php\/wp-json\/wp\/v2\/product\/939\/revisions\/4345"}],"wp:featuredmedia":[{"embeddable":true,"href":"https:\/\/northinkbrand.com\/index.php\/wp-json\/wp\/v2\/media\/4315"}],"wp:attachment":[{"href":"https:\/\/northinkbrand.com\/index.php\/wp-json\/wp\/v2\/media?parent=939"}],"curies":[{"name":"wp","href":"https:\/\/api.w.org\/{rel}","templated":true}]}}