{"id":9250,"date":"2025-12-18T00:25:42","date_gmt":"2025-12-18T00:25:42","guid":{"rendered":"https:\/\/northinkbrand.com\/?post_type=product&#038;p=9250"},"modified":"2025-12-18T01:03:05","modified_gmt":"2025-12-18T01:03:05","slug":"indomable","status":"publish","type":"product","link":"https:\/\/northinkbrand.com\/index.php\/producto\/indomable\/","title":{"rendered":"INDOMABLE"},"content":{"rendered":"<p>\u201cALMA LIBRE\u201d Ten\u00edamos ganar de recrear la fuerza de sentirse en libertad plena y nuestra nueva hoodie \u00abINDOMABLE\u00bb es un obra de arte que refleja este sentimiento. Sudadera de tipo kanguro con un corte urbano unisex. Marca la diferencia con las marcas emprendedoras.<\/p>\n<ul>\n<li>Sudadera con capucha.<\/li>\n<li>Bolsillo canguro.<\/li>\n<li>Corte de sudadera ancho.<\/li>\n<li>Logos en DTF.<\/li>\n<li>Gramaje: 265 &#8211; 275 gr. aprox.<\/li>\n<li>80% Algod\u00f3n \/ 20% Poli\u00e9ster.<\/li>\n<\/ul>\n<p>Todos nuestros producctos son fabricados y dise\u00f1ados en Espa\u00f1a en peque\u00f1as empresas familiares. Se crean las prendas una a una haciendo cada pieza \u00fanica.<\/p>\n<p>&nbsp;<\/p>\n","protected":false},"excerpt":{"rendered":"<p>\u201cALMA LIBRE\u201d Ten\u00edamos ganar de recrear la fuerza de sentirse en libertad plena y nuestra nueva hoodie \u00abINDOMABLE\u00bb es un&hellip;<\/p>\n","protected":false},"featured_media":9295,"template":"","meta":[],"_links":{"self":[{"href":"https:\/\/northinkbrand.com\/index.php\/wp-json\/wp\/v2\/product\/9250"}],"collection":[{"href":"https:\/\/northinkbrand.com\/index.php\/wp-json\/wp\/v2\/product"}],"about":[{"href":"https:\/\/northinkbrand.com\/index.php\/wp-json\/wp\/v2\/types\/product"}],"version-history":[{"count":1,"href":"https:\/\/northinkbrand.com\/index.php\/wp-json\/wp\/v2\/product\/9250\/revisions"}],"predecessor-version":[{"id":9293,"href":"https:\/\/northinkbrand.com\/index.php\/wp-json\/wp\/v2\/product\/9250\/revisions\/9293"}],"wp:featuredmedia":[{"embeddable":true,"href":"https:\/\/northinkbrand.com\/index.php\/wp-json\/wp\/v2\/media\/9295"}],"wp:attachment":[{"href":"https:\/\/northinkbrand.com\/index.php\/wp-json\/wp\/v2\/media?parent=9250"}],"curies":[{"name":"wp","href":"https:\/\/api.w.org\/{rel}","templated":true}]}}