{"id":9206,"date":"2025-08-20T23:02:01","date_gmt":"2025-08-20T23:02:01","guid":{"rendered":"https:\/\/northinkbrand.com\/?post_type=product&#038;p=9206"},"modified":"2025-08-20T23:02:01","modified_gmt":"2025-08-20T23:02:01","slug":"selective-tee","status":"publish","type":"product","link":"https:\/\/northinkbrand.com\/index.php\/producto\/selective-tee\/","title":{"rendered":"Selective Tee"},"content":{"rendered":"<p>\u201cNo soy orgulloso, simplemente soy muy selectiv@\u201c \u00a0Este verano no puede faltar en tu outfit este productivo. Viste con emprendimiento, viste North InK.<\/p>\n<p>Estilo de corte ancho. Dise\u00f1o de logos en impresi\u00f3n DTF de alta calidad y corte.<\/p>\n<p>Dise\u00f1o Unisex.<\/p>\n<p>Todas nuestras colecciones se fabrican a nivel nacional, apostando por las empresas tradicionales.<\/p>\n<ul>\n<li><strong>Composici\u00f3n<\/strong>: 100% Algod\u00f3n Cardado Y Ba\u00f1o Enzim\u00e1tico, Punto Liso<\/li>\n<li><strong>Gramaje<\/strong>: 190 g\/m\u00b2<\/li>\n<\/ul>\n","protected":false},"excerpt":{"rendered":"<p>\u201cNo soy orgulloso, simplemente soy muy selectiv@\u201c \u00a0Este verano no puede faltar en tu outfit este productivo. Viste con emprendimiento,&hellip;<\/p>\n","protected":false},"featured_media":9207,"template":"","meta":[],"_links":{"self":[{"href":"https:\/\/northinkbrand.com\/index.php\/wp-json\/wp\/v2\/product\/9206"}],"collection":[{"href":"https:\/\/northinkbrand.com\/index.php\/wp-json\/wp\/v2\/product"}],"about":[{"href":"https:\/\/northinkbrand.com\/index.php\/wp-json\/wp\/v2\/types\/product"}],"version-history":[{"count":1,"href":"https:\/\/northinkbrand.com\/index.php\/wp-json\/wp\/v2\/product\/9206\/revisions"}],"predecessor-version":[{"id":9236,"href":"https:\/\/northinkbrand.com\/index.php\/wp-json\/wp\/v2\/product\/9206\/revisions\/9236"}],"wp:featuredmedia":[{"embeddable":true,"href":"https:\/\/northinkbrand.com\/index.php\/wp-json\/wp\/v2\/media\/9207"}],"wp:attachment":[{"href":"https:\/\/northinkbrand.com\/index.php\/wp-json\/wp\/v2\/media?parent=9206"}],"curies":[{"name":"wp","href":"https:\/\/api.w.org\/{rel}","templated":true}]}}