{"id":9109,"date":"2025-02-15T21:13:46","date_gmt":"2025-02-15T21:13:46","guid":{"rendered":"https:\/\/northinkbrand.com\/?post_type=product&#038;p=9109"},"modified":"2025-02-15T21:18:56","modified_gmt":"2025-02-15T21:18:56","slug":"rayito","status":"publish","type":"product","link":"https:\/\/northinkbrand.com\/index.php\/producto\/rayito\/","title":{"rendered":"Rayito"},"content":{"rendered":"<blockquote><p>La sudadera mas molona que jam\u00e1s has visto, esa es \u201cRAYITO\u201d. Escoge el color que m\u00e1s te mol\u00e9 y a\u00f1ade a tu colecci\u00f3n de Hoodies Top esta prenda \u00fanica.<\/p><\/blockquote>\n<ul>\n<li>Sudadera capucha.<\/li>\n<li>Bolsillo tipo canguro.<\/li>\n<li>Corte de sudadera ancho.<\/li>\n<li>Logo bordado frontal.<\/li>\n<\/ul>\n<p>Fabricado y dise\u00f1ado en Espa\u00f1a.<\/p>\n<p>Composici\u00f3n: 50% algod\u00f3n \/ 50% poli\u00e9ster. Gramaje: 280 g\/m\u00b2<\/p>\n<p>&nbsp;<\/p>\n<p>&nbsp;<\/p>\n","protected":false},"excerpt":{"rendered":"<p>La sudadera mas molona que jam\u00e1s has visto, esa es \u201cRAYITO\u201d. Escoge el color que m\u00e1s te mol\u00e9 y a\u00f1ade&hellip;<\/p>\n","protected":false},"featured_media":9152,"template":"","meta":[],"_links":{"self":[{"href":"https:\/\/northinkbrand.com\/index.php\/wp-json\/wp\/v2\/product\/9109"}],"collection":[{"href":"https:\/\/northinkbrand.com\/index.php\/wp-json\/wp\/v2\/product"}],"about":[{"href":"https:\/\/northinkbrand.com\/index.php\/wp-json\/wp\/v2\/types\/product"}],"version-history":[{"count":1,"href":"https:\/\/northinkbrand.com\/index.php\/wp-json\/wp\/v2\/product\/9109\/revisions"}],"predecessor-version":[{"id":9150,"href":"https:\/\/northinkbrand.com\/index.php\/wp-json\/wp\/v2\/product\/9109\/revisions\/9150"}],"wp:featuredmedia":[{"embeddable":true,"href":"https:\/\/northinkbrand.com\/index.php\/wp-json\/wp\/v2\/media\/9152"}],"wp:attachment":[{"href":"https:\/\/northinkbrand.com\/index.php\/wp-json\/wp\/v2\/media?parent=9109"}],"curies":[{"name":"wp","href":"https:\/\/api.w.org\/{rel}","templated":true}]}}