{"id":9068,"date":"2025-01-25T21:03:09","date_gmt":"2025-01-25T21:03:09","guid":{"rendered":"https:\/\/northinkbrand.com\/?post_type=product&#038;p=9068"},"modified":"2025-01-25T21:04:08","modified_gmt":"2025-01-25T21:04:08","slug":"obsessed","status":"publish","type":"product","link":"https:\/\/northinkbrand.com\/index.php\/producto\/obsessed\/","title":{"rendered":"OBSESSED"},"content":{"rendered":"<p>Cada persona es \u00fanica, pero siempre hay una en nuestra vida, por la que perdemos la cabeza. \u00abOBSESSED\u00bb es una sudadera de tipo kanguro con un corte urbano unisex. Marca la diferencia con las marcas emprendedoras.<\/p>\n<ul>\n<li>Sudadera con capucha.<\/li>\n<li>Bolsillo canguro.<\/li>\n<li>Corte de sudadera ancho.<\/li>\n<li>Logos en DTF.<\/li>\n<li>Gramaje: 265 &#8211; 275 gr. aprox.<\/li>\n<li>80% Algod\u00f3n \/ 20% Poli\u00e9ster.<\/li>\n<\/ul>\n<p>Todos nuestros producctos son fabricados y dise\u00f1ados en Espa\u00f1a en peque\u00f1as empresas familiares. Se crean las prendas una a una haciendo cada pieza \u00fanica.<\/p>\n<p>&nbsp;<\/p>\n","protected":false},"excerpt":{"rendered":"<p>Cada persona es \u00fanica, pero siempre hay una en nuestra vida, por la que perdemos la cabeza. \u00abOBSESSED\u00bb es una&hellip;<\/p>\n","protected":false},"featured_media":9094,"template":"","meta":[],"_links":{"self":[{"href":"https:\/\/northinkbrand.com\/index.php\/wp-json\/wp\/v2\/product\/9068"}],"collection":[{"href":"https:\/\/northinkbrand.com\/index.php\/wp-json\/wp\/v2\/product"}],"about":[{"href":"https:\/\/northinkbrand.com\/index.php\/wp-json\/wp\/v2\/types\/product"}],"version-history":[{"count":1,"href":"https:\/\/northinkbrand.com\/index.php\/wp-json\/wp\/v2\/product\/9068\/revisions"}],"predecessor-version":[{"id":9104,"href":"https:\/\/northinkbrand.com\/index.php\/wp-json\/wp\/v2\/product\/9068\/revisions\/9104"}],"wp:featuredmedia":[{"embeddable":true,"href":"https:\/\/northinkbrand.com\/index.php\/wp-json\/wp\/v2\/media\/9094"}],"wp:attachment":[{"href":"https:\/\/northinkbrand.com\/index.php\/wp-json\/wp\/v2\/media?parent=9068"}],"curies":[{"name":"wp","href":"https:\/\/api.w.org\/{rel}","templated":true}]}}