{"id":9021,"date":"2025-01-07T10:36:12","date_gmt":"2025-01-07T10:36:12","guid":{"rendered":"https:\/\/northinkbrand.com\/?post_type=product&#038;p=9021"},"modified":"2025-01-07T10:59:51","modified_gmt":"2025-01-07T10:59:51","slug":"game","status":"publish","type":"product","link":"https:\/\/northinkbrand.com\/index.php\/producto\/game\/","title":{"rendered":"GAME"},"content":{"rendered":"<p>\u201cQUIEN NO ARRIESGA NO GANA\u201d Un dise\u00f1o inspirada en aquel d\u00eda en el que decidimos lanzarnos a dar vida a este proyecto. \u00abGAME\u00bb es una sudadera de tipo kanguro con un corte urbano unisex. Perfecta para recordar que todo triunfo tiene detr\u00e1s la decisi\u00f3n de comenzar el camino. Marca la diferencia con las marcas emprendedoras.<\/p>\n<ul>\n<li>Sudadera con capucha.<\/li>\n<li>Bolsillo canguro.<\/li>\n<li>Corte de sudadera ancho.<\/li>\n<li>Logos en DTF.<\/li>\n<li>Gramaje: 265 &#8211; 275 gr. aprox.<\/li>\n<li>80% Algod\u00f3n \/ 20% Poli\u00e9ster.<\/li>\n<\/ul>\n<p>Todos nuestros producctos son fabricados y dise\u00f1ados en Espa\u00f1a en peque\u00f1as empresas familiares. Se crean las prendas una a una haciendo cada pieza \u00fanica.<\/p>\n<p>&nbsp;<\/p>\n","protected":false},"excerpt":{"rendered":"<p>\u201cQUIEN NO ARRIESGA NO GANA\u201d Un dise\u00f1o inspirada en aquel d\u00eda en el que decidimos lanzarnos a dar vida a&hellip;<\/p>\n","protected":false},"featured_media":9063,"template":"","meta":[],"_links":{"self":[{"href":"https:\/\/northinkbrand.com\/index.php\/wp-json\/wp\/v2\/product\/9021"}],"collection":[{"href":"https:\/\/northinkbrand.com\/index.php\/wp-json\/wp\/v2\/product"}],"about":[{"href":"https:\/\/northinkbrand.com\/index.php\/wp-json\/wp\/v2\/types\/product"}],"version-history":[{"count":1,"href":"https:\/\/northinkbrand.com\/index.php\/wp-json\/wp\/v2\/product\/9021\/revisions"}],"predecessor-version":[{"id":9057,"href":"https:\/\/northinkbrand.com\/index.php\/wp-json\/wp\/v2\/product\/9021\/revisions\/9057"}],"wp:featuredmedia":[{"embeddable":true,"href":"https:\/\/northinkbrand.com\/index.php\/wp-json\/wp\/v2\/media\/9063"}],"wp:attachment":[{"href":"https:\/\/northinkbrand.com\/index.php\/wp-json\/wp\/v2\/media?parent=9021"}],"curies":[{"name":"wp","href":"https:\/\/api.w.org\/{rel}","templated":true}]}}