{"id":8793,"date":"2024-07-22T23:46:46","date_gmt":"2024-07-22T23:46:46","guid":{"rendered":"https:\/\/northinkbrand.com\/?post_type=product&#038;p=8793"},"modified":"2024-07-22T23:46:46","modified_gmt":"2024-07-22T23:46:46","slug":"molabas-tee","status":"publish","type":"product","link":"https:\/\/northinkbrand.com\/index.php\/producto\/molabas-tee\/","title":{"rendered":"Molabas Tee"},"content":{"rendered":"<p>\u00bfA qui\u00e9n no le han dicho alguna vez&#8230; TU ANTES MOLABAS? De la l\u00ednea de dise\u00f1os de los TOP VENTAS \u00abDon\u00b4t Cry\u00bb y \u00abPr\u00e9stame\u00bb llega tu nueva camiseta favorita. Estilo de corte ancho. Dise\u00f1o de logos en impresi\u00f3n DTF de alta calidad y corte.<\/p>\n<p>Dise\u00f1o Unisex.<\/p>\n<p>Todas nuestras colecciones se fabrican a nivel nacional, apostando por las empresas tradicionales.<\/p>\n<ul>\n<li><strong>Composici\u00f3n<\/strong>: 100% Algod\u00f3n Cardado Y Ba\u00f1o Enzim\u00e1tico, Punto Liso<\/li>\n<li><strong>Gramaje<\/strong>: 190 g\/m\u00b2<\/li>\n<\/ul>\n","protected":false},"excerpt":{"rendered":"<p>\u00bfA qui\u00e9n no le han dicho alguna vez&#8230; TU ANTES MOLABAS? De la l\u00ednea de dise\u00f1os de los TOP VENTAS&hellip;<\/p>\n","protected":false},"featured_media":8794,"template":"","meta":[],"_links":{"self":[{"href":"https:\/\/northinkbrand.com\/index.php\/wp-json\/wp\/v2\/product\/8793"}],"collection":[{"href":"https:\/\/northinkbrand.com\/index.php\/wp-json\/wp\/v2\/product"}],"about":[{"href":"https:\/\/northinkbrand.com\/index.php\/wp-json\/wp\/v2\/types\/product"}],"version-history":[{"count":1,"href":"https:\/\/northinkbrand.com\/index.php\/wp-json\/wp\/v2\/product\/8793\/revisions"}],"predecessor-version":[{"id":8829,"href":"https:\/\/northinkbrand.com\/index.php\/wp-json\/wp\/v2\/product\/8793\/revisions\/8829"}],"wp:featuredmedia":[{"embeddable":true,"href":"https:\/\/northinkbrand.com\/index.php\/wp-json\/wp\/v2\/media\/8794"}],"wp:attachment":[{"href":"https:\/\/northinkbrand.com\/index.php\/wp-json\/wp\/v2\/media?parent=8793"}],"curies":[{"name":"wp","href":"https:\/\/api.w.org\/{rel}","templated":true}]}}