{"id":8725,"date":"2024-07-22T23:39:27","date_gmt":"2024-07-22T23:39:27","guid":{"rendered":"https:\/\/northinkbrand.com\/?post_type=product&#038;p=8725"},"modified":"2024-07-22T23:39:27","modified_gmt":"2024-07-22T23:39:27","slug":"temtations-tee","status":"publish","type":"product","link":"https:\/\/northinkbrand.com\/index.php\/producto\/temtations-tee\/","title":{"rendered":"Temtations Tee"},"content":{"rendered":"<p>\u00bfCaer\u00e1s en la tentaci\u00f3n? Only for real people. Contraste de colores de rayo con fondo. Camiseta de corte ancho. Dise\u00f1o de logos en impresi\u00f3n DTF de alta calidad y corte.<\/p>\n<p>Destacamos los dos \u201cNuevos Contrastes\u201d en la colecci\u00f3n: Verde Ne\u00f3n y Fucsia.<\/p>\n<p>Dise\u00f1o Unisex.<\/p>\n<p>Todas nuestras colecciones se fabrican a nivel nacional, apostando por las empresas tradicionales.<\/p>\n<ul>\n<li><strong>Composici\u00f3n<\/strong>: 100% Algod\u00f3n Cardado Y Ba\u00f1o Enzim\u00e1tico, Punto Liso<\/li>\n<li><strong>Gramaje<\/strong>: 190 g\/m\u00b2<\/li>\n<\/ul>\n","protected":false},"excerpt":{"rendered":"<p>\u00bfCaer\u00e1s en la tentaci\u00f3n? Only for real people. Contraste de colores de rayo con fondo. Camiseta de corte ancho. Dise\u00f1o&hellip;<\/p>\n","protected":false},"featured_media":8729,"template":"","meta":[],"_links":{"self":[{"href":"https:\/\/northinkbrand.com\/index.php\/wp-json\/wp\/v2\/product\/8725"}],"collection":[{"href":"https:\/\/northinkbrand.com\/index.php\/wp-json\/wp\/v2\/product"}],"about":[{"href":"https:\/\/northinkbrand.com\/index.php\/wp-json\/wp\/v2\/types\/product"}],"version-history":[{"count":1,"href":"https:\/\/northinkbrand.com\/index.php\/wp-json\/wp\/v2\/product\/8725\/revisions"}],"predecessor-version":[{"id":8792,"href":"https:\/\/northinkbrand.com\/index.php\/wp-json\/wp\/v2\/product\/8725\/revisions\/8792"}],"wp:featuredmedia":[{"embeddable":true,"href":"https:\/\/northinkbrand.com\/index.php\/wp-json\/wp\/v2\/media\/8729"}],"wp:attachment":[{"href":"https:\/\/northinkbrand.com\/index.php\/wp-json\/wp\/v2\/media?parent=8725"}],"curies":[{"name":"wp","href":"https:\/\/api.w.org\/{rel}","templated":true}]}}