{"id":8692,"date":"2024-07-22T23:22:16","date_gmt":"2024-07-22T23:22:16","guid":{"rendered":"https:\/\/northinkbrand.com\/?post_type=product&#038;p=8692"},"modified":"2024-07-22T23:22:16","modified_gmt":"2024-07-22T23:22:16","slug":"chaos-tee","status":"publish","type":"product","link":"https:\/\/northinkbrand.com\/index.php\/producto\/chaos-tee\/","title":{"rendered":"Chaos Tee"},"content":{"rendered":"<p>En toda uni\u00f3n perfecta existe un \u00abCAOS\u00bb que origina la pasi\u00f3n. Mejor dise\u00f1o North Ink 2024. Corte de camiseta ancho. Dise\u00f1o de logos en impresi\u00f3n DTF de alta calidad y corte.<\/p>\n<p>Destacamos los\u00a0 \u201cNuevos Contrastes\u201d en la colecci\u00f3n: celeste, blanco y rosa con letra de logos en chocolate. \u00c9picos.<\/p>\n<p>Dise\u00f1o Unisex.<\/p>\n<p>Todas nuestras colecciones se fabrican a nivel nacional, apostando por las empresas tradicionales.<\/p>\n<ul>\n<li><strong>Composici\u00f3n<\/strong>: 100% Algod\u00f3n Cardado Y Ba\u00f1o Enzim\u00e1tico, Punto Liso<\/li>\n<li><strong>Gramaje<\/strong>: 190 g\/m\u00b2<\/li>\n<\/ul>\n","protected":false},"excerpt":{"rendered":"<p>En toda uni\u00f3n perfecta existe un \u00abCAOS\u00bb que origina la pasi\u00f3n. Mejor dise\u00f1o North Ink 2024. Corte de camiseta ancho.&hellip;<\/p>\n","protected":false},"featured_media":8680,"template":"","meta":[],"_links":{"self":[{"href":"https:\/\/northinkbrand.com\/index.php\/wp-json\/wp\/v2\/product\/8692"}],"collection":[{"href":"https:\/\/northinkbrand.com\/index.php\/wp-json\/wp\/v2\/product"}],"about":[{"href":"https:\/\/northinkbrand.com\/index.php\/wp-json\/wp\/v2\/types\/product"}],"version-history":[{"count":2,"href":"https:\/\/northinkbrand.com\/index.php\/wp-json\/wp\/v2\/product\/8692\/revisions"}],"predecessor-version":[{"id":8726,"href":"https:\/\/northinkbrand.com\/index.php\/wp-json\/wp\/v2\/product\/8692\/revisions\/8726"}],"wp:featuredmedia":[{"embeddable":true,"href":"https:\/\/northinkbrand.com\/index.php\/wp-json\/wp\/v2\/media\/8680"}],"wp:attachment":[{"href":"https:\/\/northinkbrand.com\/index.php\/wp-json\/wp\/v2\/media?parent=8692"}],"curies":[{"name":"wp","href":"https:\/\/api.w.org\/{rel}","templated":true}]}}