{"id":8322,"date":"2024-02-24T00:32:17","date_gmt":"2024-02-24T00:32:17","guid":{"rendered":"https:\/\/northinkbrand.com\/?post_type=product&#038;p=8322"},"modified":"2024-02-24T00:32:17","modified_gmt":"2024-02-24T00:32:17","slug":"north-tour","status":"publish","type":"product","link":"https:\/\/northinkbrand.com\/index.php\/producto\/north-tour\/","title":{"rendered":"NORTH TOUR"},"content":{"rendered":"<p>La sudadera que define los m\u00e1s de 100 eventos realizados por toda Espa\u00f1a durante estos a\u00f1os de camino junto a vosotros. Marca la diferencia con las marcas emprendedoras.<\/p>\n<ul>\n<li>Sudadera con capucha.<\/li>\n<li>Bolsillo canguro.<\/li>\n<li>Corte de sudadera ancho.<\/li>\n<li>Logos en DTF.<\/li>\n<li>Gramaje: 265 &#8211; 275 gr. aprox.<\/li>\n<li>80% Algod\u00f3n \/ 20% Poli\u00e9ster.<\/li>\n<\/ul>\n<p>Recomendamos coger una talla m\u00e1s a la habitua para darle un toque \u00abOversize\u00bb<\/p>\n<p>Todos nuestros producctos son fabricados y dise\u00f1ados en Espa\u00f1a en peque\u00f1as empresas familiares. Se crean las prendas una a una haciendo cada pieza \u00fanica.<\/p>\n<p>&nbsp;<\/p>\n","protected":false},"excerpt":{"rendered":"<p>La sudadera que define los m\u00e1s de 100 eventos realizados por toda Espa\u00f1a durante estos a\u00f1os de camino junto a&hellip;<\/p>\n","protected":false},"featured_media":8328,"template":"","meta":[],"_links":{"self":[{"href":"https:\/\/northinkbrand.com\/index.php\/wp-json\/wp\/v2\/product\/8322"}],"collection":[{"href":"https:\/\/northinkbrand.com\/index.php\/wp-json\/wp\/v2\/product"}],"about":[{"href":"https:\/\/northinkbrand.com\/index.php\/wp-json\/wp\/v2\/types\/product"}],"version-history":[{"count":1,"href":"https:\/\/northinkbrand.com\/index.php\/wp-json\/wp\/v2\/product\/8322\/revisions"}],"predecessor-version":[{"id":8364,"href":"https:\/\/northinkbrand.com\/index.php\/wp-json\/wp\/v2\/product\/8322\/revisions\/8364"}],"wp:featuredmedia":[{"embeddable":true,"href":"https:\/\/northinkbrand.com\/index.php\/wp-json\/wp\/v2\/media\/8328"}],"wp:attachment":[{"href":"https:\/\/northinkbrand.com\/index.php\/wp-json\/wp\/v2\/media?parent=8322"}],"curies":[{"name":"wp","href":"https:\/\/api.w.org\/{rel}","templated":true}]}}