{"id":8175,"date":"2024-01-20T12:46:34","date_gmt":"2024-01-20T12:46:34","guid":{"rendered":"https:\/\/northinkbrand.com\/?post_type=product&#038;p=8175"},"modified":"2024-03-12T12:57:11","modified_gmt":"2024-03-12T12:57:11","slug":"prestame","status":"publish","type":"product","link":"https:\/\/northinkbrand.com\/index.php\/producto\/prestame\/","title":{"rendered":"PR\u00c9STAME"},"content":{"rendered":"<p>Os presentamos a vuestra nueva sudadera favorita. Un dise\u00f1o expectacular, original y en la l\u00ednea de nuestro mensaje: Compartir vida y exeriencias. \u00abPR\u00c9STAME\u00bb es una sudadera de tipo kanguro con un corte urbano unisex y al mismo tiempo elegante. Perfecta para llamar la atenci\u00f3n de esa persona de la que estas totalmente enchochad@, o compartir ese sentimiento de amistad que une a dos personas. Adem\u00e1s como ya es tradici\u00f3n en NORTH INK, a\u00f1adimos edici\u00f3n limitada en los colores gris grafito con logo en azul y negro con logo en rosa. Marca la diferencia con las marcas emprendedoras.<\/p>\n<ul>\n<li>Sudadera con capucha.<\/li>\n<li>Bolsillo canguro.<\/li>\n<li>Corte de sudadera ancho.<\/li>\n<li>Logos en DTF.<\/li>\n<li>Gramaje: 265 &#8211; 275 gr. aprox.<\/li>\n<li>80% Algod\u00f3n \/ 20% Poli\u00e9ster.<\/li>\n<\/ul>\n<p>Todos nuestros producctos son fabricados y dise\u00f1ados en Espa\u00f1a en peque\u00f1as empresas familiares. Se crean las prendas una a una haciendo cada pieza \u00fanica.<\/p>\n<p>&nbsp;<\/p>\n","protected":false},"excerpt":{"rendered":"<p>Os presentamos a vuestra nueva sudadera favorita. Un dise\u00f1o expectacular, original y en la l\u00ednea de nuestro mensaje: Compartir vida&hellip;<\/p>\n","protected":false},"featured_media":8214,"template":"","meta":[],"_links":{"self":[{"href":"https:\/\/northinkbrand.com\/index.php\/wp-json\/wp\/v2\/product\/8175"}],"collection":[{"href":"https:\/\/northinkbrand.com\/index.php\/wp-json\/wp\/v2\/product"}],"about":[{"href":"https:\/\/northinkbrand.com\/index.php\/wp-json\/wp\/v2\/types\/product"}],"version-history":[{"count":1,"href":"https:\/\/northinkbrand.com\/index.php\/wp-json\/wp\/v2\/product\/8175\/revisions"}],"predecessor-version":[{"id":8221,"href":"https:\/\/northinkbrand.com\/index.php\/wp-json\/wp\/v2\/product\/8175\/revisions\/8221"}],"wp:featuredmedia":[{"embeddable":true,"href":"https:\/\/northinkbrand.com\/index.php\/wp-json\/wp\/v2\/media\/8214"}],"wp:attachment":[{"href":"https:\/\/northinkbrand.com\/index.php\/wp-json\/wp\/v2\/media?parent=8175"}],"curies":[{"name":"wp","href":"https:\/\/api.w.org\/{rel}","templated":true}]}}