{"id":7924,"date":"2023-08-29T17:52:34","date_gmt":"2023-08-29T17:52:34","guid":{"rendered":"https:\/\/northinkbrand.com\/?post_type=product&#038;p=7924"},"modified":"2023-09-28T18:08:40","modified_gmt":"2023-09-28T18:08:40","slug":"machines-tee","status":"publish","type":"product","link":"https:\/\/northinkbrand.com\/index.php\/producto\/machines-tee\/","title":{"rendered":"Machines Tee"},"content":{"rendered":"<p>Camiseta de corte ancho. Dise\u00f1o conformado por un \u00e1ngel elevando el s\u00edmbolo de la marca \u201cRayo\u201d en la zona lateral frontal y \u00a0el dise\u00f1o con estilo north ink de la famosa frase \u201c\u00bfComo Est\u00e1n Los M\u00e1quinas?\u201d en la parte trasera. Dise\u00f1o de logos en impresi\u00f3n DTF de alta calidad y corte.<\/p>\n<p>Destacamos dos nuevos colores: \u201cGris Grafito\u201d tono m\u00e1s claro que el negro, \u201cAzul Denim\u201d un tono azulado gris\u00e1ceo, que har\u00e1n de este dise\u00f1o algo \u00fanico en tu armario.<\/p>\n<p>Dise\u00f1o Unisex.<\/p>\n<p>Todas nuestras colecciones se fabrican a nivel nacional, apostando por las empresas tradicionales.<\/p>\n<ul>\n<li><strong>Composici\u00f3n<\/strong>: 100% Algod\u00f3n Cardado Y Ba\u00f1o Enzim\u00e1tico, Punto Liso<\/li>\n<li><strong>Gramaje<\/strong>: 190 g\/m\u00b2<\/li>\n<\/ul>\n<p>&nbsp;<\/p>\n","protected":false},"excerpt":{"rendered":"<p>Camiseta de corte ancho. Dise\u00f1o conformado por un \u00e1ngel elevando el s\u00edmbolo de la marca \u201cRayo\u201d en la zona lateral&hellip;<\/p>\n","protected":false},"featured_media":8082,"template":"","meta":[],"_links":{"self":[{"href":"https:\/\/northinkbrand.com\/index.php\/wp-json\/wp\/v2\/product\/7924"}],"collection":[{"href":"https:\/\/northinkbrand.com\/index.php\/wp-json\/wp\/v2\/product"}],"about":[{"href":"https:\/\/northinkbrand.com\/index.php\/wp-json\/wp\/v2\/types\/product"}],"version-history":[{"count":2,"href":"https:\/\/northinkbrand.com\/index.php\/wp-json\/wp\/v2\/product\/7924\/revisions"}],"predecessor-version":[{"id":7983,"href":"https:\/\/northinkbrand.com\/index.php\/wp-json\/wp\/v2\/product\/7924\/revisions\/7983"}],"wp:featuredmedia":[{"embeddable":true,"href":"https:\/\/northinkbrand.com\/index.php\/wp-json\/wp\/v2\/media\/8082"}],"wp:attachment":[{"href":"https:\/\/northinkbrand.com\/index.php\/wp-json\/wp\/v2\/media?parent=7924"}],"curies":[{"name":"wp","href":"https:\/\/api.w.org\/{rel}","templated":true}]}}