{"id":7882,"date":"2023-08-29T17:37:27","date_gmt":"2023-08-29T17:37:27","guid":{"rendered":"https:\/\/northinkbrand.com\/?post_type=product&#038;p=7882"},"modified":"2025-01-07T11:00:10","modified_gmt":"2025-01-07T11:00:10","slug":"auch-tee","status":"publish","type":"product","link":"https:\/\/northinkbrand.com\/index.php\/producto\/auch-tee\/","title":{"rendered":"Auch Tee"},"content":{"rendered":"<p>Camiseta de corte ancho. Dise\u00f1o conformado por nuestro logo minimalista en la zona frontal junto con el dise\u00f1o de un coraz\u00f3n formado por las palabras \u201cAuch mi coraz\u00f3n\u201d. Dise\u00f1o de logos en impresi\u00f3n DTF de alta calidad y corte.<\/p>\n<p>Destacamos el \u201cNuevo Color Top Ventas\u201d en de la colecci\u00f3n: Verde aventura, este color en contraste con los logos en blanco crea la combinaci\u00f3n de camiseta perfecta.<\/p>\n<p>Dise\u00f1o Unisex.<\/p>\n<p>Todas nuestras colecciones se fabrican a nivel nacional, apostando por las empresas tradicionales.<\/p>\n<ul>\n<li><strong>Composici\u00f3n<\/strong>: 100% Algod\u00f3n Cardado Y Ba\u00f1o Enzim\u00e1tico, Punto Liso<\/li>\n<li><strong>Gramaje<\/strong>: 190 g\/m\u00b2<\/li>\n<\/ul>\n<p>&nbsp;<\/p>\n","protected":false},"excerpt":{"rendered":"<p>Camiseta de corte ancho. Dise\u00f1o conformado por nuestro logo minimalista en la zona frontal junto con el dise\u00f1o de un&hellip;<\/p>\n","protected":false},"featured_media":8081,"template":"","meta":[],"_links":{"self":[{"href":"https:\/\/northinkbrand.com\/index.php\/wp-json\/wp\/v2\/product\/7882"}],"collection":[{"href":"https:\/\/northinkbrand.com\/index.php\/wp-json\/wp\/v2\/product"}],"about":[{"href":"https:\/\/northinkbrand.com\/index.php\/wp-json\/wp\/v2\/types\/product"}],"version-history":[{"count":3,"href":"https:\/\/northinkbrand.com\/index.php\/wp-json\/wp\/v2\/product\/7882\/revisions"}],"predecessor-version":[{"id":7923,"href":"https:\/\/northinkbrand.com\/index.php\/wp-json\/wp\/v2\/product\/7882\/revisions\/7923"}],"wp:featuredmedia":[{"embeddable":true,"href":"https:\/\/northinkbrand.com\/index.php\/wp-json\/wp\/v2\/media\/8081"}],"wp:attachment":[{"href":"https:\/\/northinkbrand.com\/index.php\/wp-json\/wp\/v2\/media?parent=7882"}],"curies":[{"name":"wp","href":"https:\/\/api.w.org\/{rel}","templated":true}]}}