{"id":7766,"date":"2023-08-23T18:16:56","date_gmt":"2023-08-23T18:16:56","guid":{"rendered":"https:\/\/northinkbrand.com\/?post_type=product&#038;p=7766"},"modified":"2025-01-07T10:47:06","modified_gmt":"2025-01-07T10:47:06","slug":"i-need-tee","status":"publish","type":"product","link":"https:\/\/northinkbrand.com\/index.php\/producto\/i-need-tee\/","title":{"rendered":"I Need Tee"},"content":{"rendered":"<p>Camiseta de corte ancho con el mensaje \u201cI need love and affection\u201d y nuestro famoso rayo rompiendo un coraz\u00f3n, dise\u00f1ada para todos los que hemos aprendido lo que realmente queremos de esa persona que nos acompa\u00f1e en la vida, as\u00ed de simple. \u00a0Dise\u00f1o de logos en impresi\u00f3n DTF de alta calidad y corte.<\/p>\n<p>Destacamos los \u201cNuevos Colores\u201d en la colecci\u00f3n: Gris Grafito (Se trata de un gris menos oscuro que el negro, que se asocia con la resiliencia, la estabilidad y el equilibrio) Azul Royal (Se trata de un azul el\u00e9ctrico, que transmite <span style=\"-webkit-text-size-adjust: 100%;\">energ\u00eda, la atracci\u00f3n, la inteligencia).<\/span><\/p>\n<p><span style=\"-webkit-text-size-adjust: 100%;\">Todas nuestras colecciones se fabrican a nivel nacional, apostando por las empresas tradicionales.<\/span><\/p>\n<ul>\n<li><strong>Composici\u00f3n<\/strong>: 100% Algod\u00f3n Cardado Y Ba\u00f1o Enzim\u00e1tico, Punto Liso<\/li>\n<li><strong>Gramaje<\/strong>: 190 g\/m\u00b2<\/li>\n<\/ul>\n<p>&nbsp;<\/p>\n","protected":false},"excerpt":{"rendered":"<p>Camiseta de corte ancho con el mensaje \u201cI need love and affection\u201d y nuestro famoso rayo rompiendo un coraz\u00f3n, dise\u00f1ada&hellip;<\/p>\n","protected":false},"featured_media":8078,"template":"","meta":[],"_links":{"self":[{"href":"https:\/\/northinkbrand.com\/index.php\/wp-json\/wp\/v2\/product\/7766"}],"collection":[{"href":"https:\/\/northinkbrand.com\/index.php\/wp-json\/wp\/v2\/product"}],"about":[{"href":"https:\/\/northinkbrand.com\/index.php\/wp-json\/wp\/v2\/types\/product"}],"version-history":[{"count":1,"href":"https:\/\/northinkbrand.com\/index.php\/wp-json\/wp\/v2\/product\/7766\/revisions"}],"predecessor-version":[{"id":7816,"href":"https:\/\/northinkbrand.com\/index.php\/wp-json\/wp\/v2\/product\/7766\/revisions\/7816"}],"wp:featuredmedia":[{"embeddable":true,"href":"https:\/\/northinkbrand.com\/index.php\/wp-json\/wp\/v2\/media\/8078"}],"wp:attachment":[{"href":"https:\/\/northinkbrand.com\/index.php\/wp-json\/wp\/v2\/media?parent=7766"}],"curies":[{"name":"wp","href":"https:\/\/api.w.org\/{rel}","templated":true}]}}