{"id":6235,"date":"2022-08-06T00:02:28","date_gmt":"2022-08-06T00:02:28","guid":{"rendered":"https:\/\/northinkbrand.com\/?post_type=product&#038;p=6235"},"modified":"2025-01-07T10:42:35","modified_gmt":"2025-01-07T10:42:35","slug":"tequila","status":"publish","type":"product","link":"https:\/\/northinkbrand.com\/index.php\/producto\/tequila\/","title":{"rendered":"Tequila"},"content":{"rendered":"<p style=\"text-align: left;\">Quien no se identifique con esta camiseta\u2026paga la siguiente ronda. \u201cTequila\u201d es nuestra creaci\u00f3n m\u00e1s \u00e9pica. Momentos, recuerdos de las mejores fiestas donde NORTHINK ha participado. \u201cUna y a casa\u201d dec\u00edan \u2026..<\/p>\n<p>Camiseta con logos en impresi\u00f3n digital a todo color. Corte ligeramente ancho. 100% algod\u00f3n preencogido. Gramaje: 155 g\/m\u00b2 aprox.<\/p>\n<ul>\n<li>Doble costura en cuello, mangas y bajo.<\/li>\n<li>Refuerzo de hombro a hombro.<\/li>\n<li>Cuello de lycra.<\/li>\n<\/ul>\n","protected":false},"excerpt":{"rendered":"<p>Quien no se identifique con esta camiseta\u2026paga la siguiente ronda. \u201cTequila\u201d es nuestra creaci\u00f3n m\u00e1s \u00e9pica. Momentos, recuerdos de las&hellip;<\/p>\n","protected":false},"featured_media":6588,"template":"","meta":[],"_links":{"self":[{"href":"https:\/\/northinkbrand.com\/index.php\/wp-json\/wp\/v2\/product\/6235"}],"collection":[{"href":"https:\/\/northinkbrand.com\/index.php\/wp-json\/wp\/v2\/product"}],"about":[{"href":"https:\/\/northinkbrand.com\/index.php\/wp-json\/wp\/v2\/types\/product"}],"version-history":[{"count":2,"href":"https:\/\/northinkbrand.com\/index.php\/wp-json\/wp\/v2\/product\/6235\/revisions"}],"predecessor-version":[{"id":6589,"href":"https:\/\/northinkbrand.com\/index.php\/wp-json\/wp\/v2\/product\/6235\/revisions\/6589"}],"wp:featuredmedia":[{"embeddable":true,"href":"https:\/\/northinkbrand.com\/index.php\/wp-json\/wp\/v2\/media\/6588"}],"wp:attachment":[{"href":"https:\/\/northinkbrand.com\/index.php\/wp-json\/wp\/v2\/media?parent=6235"}],"curies":[{"name":"wp","href":"https:\/\/api.w.org\/{rel}","templated":true}]}}