{"id":5816,"date":"2022-01-04T23:06:58","date_gmt":"2022-01-04T23:06:58","guid":{"rendered":"http:\/\/northinkbrand.com\/?post_type=product&#038;p=5816"},"modified":"2024-02-24T00:51:41","modified_gmt":"2024-02-24T00:51:41","slug":"wings-2","status":"publish","type":"product","link":"https:\/\/northinkbrand.com\/index.php\/producto\/wings-2\/","title":{"rendered":"Fly"},"content":{"rendered":"<p>\u00abPies, \u00bfpara qu\u00e9 te necesito cuando tengo alas para volar?\u00bb\u00a0<strong>Frida Kahlo.<\/strong><\/p>\n<p>This is the only one, the special one, the hoodie you must have<\/p>\n<p>Reeditamos la prenda mas vendida en 2022. Nuevos colores gris grafito, chocolate y verde esmeralda.<\/p>\n<ul>\n<li>Sudadera capucha<\/li>\n<li>Bolsillo canguro<\/li>\n<li>Cord\u00f3n ajustable.<\/li>\n<li>Pu\u00f1os y cinturilla de punto canal\u00e9 1\u00d71 con elastano.<\/li>\n<li>Corte de sudadera ancho.<\/li>\n<li>Logos en vinilo de corte de alta calidad.<\/li>\n<\/ul>\n<p>Fabricado y dise\u00f1ado en Espa\u00f1a. Disponible en mas combinaciones.<\/p>\n<p>Composici\u00f3n: 50% algod\u00f3n \/ 50% poli\u00e9ster. Gramaje: 280 g\/m\u00b2<\/p>\n<p>LET\u00b4S FLY, LET\u00b4S PLAY<\/p>\n","protected":false},"excerpt":{"rendered":"<p>\u00abPies, \u00bfpara qu\u00e9 te necesito cuando tengo alas para volar?\u00bb\u00a0Frida Kahlo. This is the only one, the special one, the&hellip;<\/p>\n","protected":false},"featured_media":5848,"template":"","meta":[],"_links":{"self":[{"href":"https:\/\/northinkbrand.com\/index.php\/wp-json\/wp\/v2\/product\/5816"}],"collection":[{"href":"https:\/\/northinkbrand.com\/index.php\/wp-json\/wp\/v2\/product"}],"about":[{"href":"https:\/\/northinkbrand.com\/index.php\/wp-json\/wp\/v2\/types\/product"}],"version-history":[{"count":7,"href":"https:\/\/northinkbrand.com\/index.php\/wp-json\/wp\/v2\/product\/5816\/revisions"}],"predecessor-version":[{"id":8450,"href":"https:\/\/northinkbrand.com\/index.php\/wp-json\/wp\/v2\/product\/5816\/revisions\/8450"}],"wp:featuredmedia":[{"embeddable":true,"href":"https:\/\/northinkbrand.com\/index.php\/wp-json\/wp\/v2\/media\/5848"}],"wp:attachment":[{"href":"https:\/\/northinkbrand.com\/index.php\/wp-json\/wp\/v2\/media?parent=5816"}],"curies":[{"name":"wp","href":"https:\/\/api.w.org\/{rel}","templated":true}]}}