{"id":578,"date":"2018-11-24T11:38:12","date_gmt":"2018-11-24T11:38:12","guid":{"rendered":"http:\/\/northinkbrand.com\/?post_type=product&#038;p=578"},"modified":"2024-04-30T09:28:38","modified_gmt":"2024-04-30T09:28:38","slug":"camiseta-ancla-navy","status":"publish","type":"product","link":"https:\/\/northinkbrand.com\/index.php\/producto\/camiseta-ancla-navy\/","title":{"rendered":"Camiseta ancla navy"},"content":{"rendered":"<table style=\"height: 112px;\" width=\"976\">\n<tbody>\n<tr>\n<td width=\"232\">Camiseta bordada de la nueva colecci\u00f3n con el nombre de la marca y nuestra nueva ancla bordadas por delante y nuestro nuevo bordado de ancla northe\u00f1a por detr\u00e1s.<\/p>\n<ul>\n<li><strong>Composici\u00f3n<\/strong>: 100% Algod\u00f3n Cardado Y Ba\u00f1o Enzim\u00e1tico, Punto Liso<\/li>\n<li><strong>Gramaje<\/strong>: 190 g\/m\u00b2<\/li>\n<\/ul>\n<p>Todos nuestros productos son fabricados y dise\u00f1ados a nivel nacional.<\/p>\n<p>&nbsp;<\/td>\n<\/tr>\n<\/tbody>\n<\/table>\n","protected":false},"excerpt":{"rendered":"<p>Camiseta bordada de la nueva colecci\u00f3n con el nombre de la marca y nuestra nueva ancla bordadas por delante y&hellip;<\/p>\n","protected":false},"featured_media":4284,"template":"","meta":[],"_links":{"self":[{"href":"https:\/\/northinkbrand.com\/index.php\/wp-json\/wp\/v2\/product\/578"}],"collection":[{"href":"https:\/\/northinkbrand.com\/index.php\/wp-json\/wp\/v2\/product"}],"about":[{"href":"https:\/\/northinkbrand.com\/index.php\/wp-json\/wp\/v2\/types\/product"}],"version-history":[{"count":2,"href":"https:\/\/northinkbrand.com\/index.php\/wp-json\/wp\/v2\/product\/578\/revisions"}],"predecessor-version":[{"id":8597,"href":"https:\/\/northinkbrand.com\/index.php\/wp-json\/wp\/v2\/product\/578\/revisions\/8597"}],"wp:featuredmedia":[{"embeddable":true,"href":"https:\/\/northinkbrand.com\/index.php\/wp-json\/wp\/v2\/media\/4284"}],"wp:attachment":[{"href":"https:\/\/northinkbrand.com\/index.php\/wp-json\/wp\/v2\/media?parent=578"}],"curies":[{"name":"wp","href":"https:\/\/api.w.org\/{rel}","templated":true}]}}