{"id":4904,"date":"2021-03-19T03:11:27","date_gmt":"2021-03-19T03:11:27","guid":{"rendered":"http:\/\/northinkbrand.com\/?post_type=product&#038;p=4904"},"modified":"2025-01-07T10:48:44","modified_gmt":"2025-01-07T10:48:44","slug":"a-jarana","status":"publish","type":"product","link":"https:\/\/northinkbrand.com\/index.php\/producto\/a-jarana\/","title":{"rendered":"Hoodie Jarana"},"content":{"rendered":"<p>\u201cHag\u00e1moslo a nuestra manera, pero hag\u00e1moslo, Jarana\u201d<\/p>\n<p>&nbsp;<\/p>\n<p>Hoodie inspirada en la fuerza de la superaci\u00f3n personal, en la confianza en uno mismo y las ganas por crear.<\/p>\n<p>&#8211; Logo Frontal \u00a0Bordado<\/p>\n<p>&#8211; Sudadera con capucha y bolsillo canguro, cord\u00f3n ajustable.<\/p>\n<p>-Pu\u00f1os y cinturilla de punto canal\u00e9 1\u00d71.<\/p>\n<p><span style=\"-webkit-text-size-adjust: 100%;\"><br \/>\nProducto fabricado y dise\u00f1ado en espa\u00f1a.\u00a0<\/span><\/p>\n<p>&nbsp;<\/p>\n<p>&nbsp;<\/p>\n<p>&nbsp;<\/p>\n<p>&nbsp;<\/p>\n","protected":false},"excerpt":{"rendered":"<p>\u201cHag\u00e1moslo a nuestra manera, pero hag\u00e1moslo, Jarana\u201d &nbsp; Hoodie inspirada en la fuerza de la superaci\u00f3n personal, en la confianza&hellip;<\/p>\n","protected":false},"featured_media":6005,"template":"","meta":[],"_links":{"self":[{"href":"https:\/\/northinkbrand.com\/index.php\/wp-json\/wp\/v2\/product\/4904"}],"collection":[{"href":"https:\/\/northinkbrand.com\/index.php\/wp-json\/wp\/v2\/product"}],"about":[{"href":"https:\/\/northinkbrand.com\/index.php\/wp-json\/wp\/v2\/types\/product"}],"version-history":[{"count":6,"href":"https:\/\/northinkbrand.com\/index.php\/wp-json\/wp\/v2\/product\/4904\/revisions"}],"predecessor-version":[{"id":7474,"href":"https:\/\/northinkbrand.com\/index.php\/wp-json\/wp\/v2\/product\/4904\/revisions\/7474"}],"wp:featuredmedia":[{"embeddable":true,"href":"https:\/\/northinkbrand.com\/index.php\/wp-json\/wp\/v2\/media\/6005"}],"wp:attachment":[{"href":"https:\/\/northinkbrand.com\/index.php\/wp-json\/wp\/v2\/media?parent=4904"}],"curies":[{"name":"wp","href":"https:\/\/api.w.org\/{rel}","templated":true}]}}