{"id":479,"date":"2018-11-24T11:21:14","date_gmt":"2018-11-24T11:21:14","guid":{"rendered":"http:\/\/northinkbrand.com\/?post_type=product&#038;p=479"},"modified":"2023-08-23T17:13:59","modified_gmt":"2023-08-23T17:13:59","slug":"hoodie-nxi-x-mano-fatima","status":"publish","type":"product","link":"https:\/\/northinkbrand.com\/index.php\/producto\/hoodie-nxi-x-mano-fatima\/","title":{"rendered":"Hoodie nxi x mano f\u00e1tima"},"content":{"rendered":"<table style=\"height: 67px;\" width=\"1013\">\n<tbody>\n<tr>\n<td width=\"232\">Hoodie con capucha estampada con nuestro logo m\u00e1s minimal pero uno de los m\u00e1s vendidos en la parte delantera y nuestra m\u00edtica mano de f\u00e1tima el tatuaje que todos quieren estampada grande por detr\u00e1s. Disponible en varios colores y 3 tallas.<\/td>\n<\/tr>\n<\/tbody>\n<\/table>\n","protected":false},"excerpt":{"rendered":"<p>Hoodie con capucha estampada con nuestro logo m\u00e1s minimal pero uno de los m\u00e1s vendidos en la parte delantera y&hellip;<\/p>\n","protected":false},"featured_media":4445,"template":"","meta":[],"_links":{"self":[{"href":"https:\/\/northinkbrand.com\/index.php\/wp-json\/wp\/v2\/product\/479"}],"collection":[{"href":"https:\/\/northinkbrand.com\/index.php\/wp-json\/wp\/v2\/product"}],"about":[{"href":"https:\/\/northinkbrand.com\/index.php\/wp-json\/wp\/v2\/types\/product"}],"version-history":[{"count":1,"href":"https:\/\/northinkbrand.com\/index.php\/wp-json\/wp\/v2\/product\/479\/revisions"}],"predecessor-version":[{"id":4467,"href":"https:\/\/northinkbrand.com\/index.php\/wp-json\/wp\/v2\/product\/479\/revisions\/4467"}],"wp:featuredmedia":[{"embeddable":true,"href":"https:\/\/northinkbrand.com\/index.php\/wp-json\/wp\/v2\/media\/4445"}],"wp:attachment":[{"href":"https:\/\/northinkbrand.com\/index.php\/wp-json\/wp\/v2\/media?parent=479"}],"curies":[{"name":"wp","href":"https:\/\/api.w.org\/{rel}","templated":true}]}}