{"id":4734,"date":"2020-12-19T01:22:24","date_gmt":"2020-12-19T01:22:24","guid":{"rendered":"http:\/\/northinkbrand.com\/?post_type=product&#038;p=4734"},"modified":"2023-08-23T17:59:22","modified_gmt":"2023-08-23T17:59:22","slug":"a-eternity","status":"publish","type":"product","link":"https:\/\/northinkbrand.com\/index.php\/producto\/a-eternity\/","title":{"rendered":"Sudadera Eternity"},"content":{"rendered":"<p>Sudadera \u00abEternity\u00bb de cuello redondo es el producto que simboliza nuestras\u00a0 ganas de superarnos d\u00eda a d\u00eda. El infinito es nuestro objetivo a la hora de mejorar en la creaci\u00f3n de productos. Bordado en contraste Fluor o Metal seg\u00fan el color de base.<\/p>\n<ul>\n<li>Composici\u00f3n: 50% algod\u00f3n \/ 50% poli\u00e9ster<\/li>\n<li>Gramaje: 280 g\/m\u00b2<\/li>\n<\/ul>\n","protected":false},"excerpt":{"rendered":"<p>Sudadera \u00abEternity\u00bb de cuello redondo es el producto que simboliza nuestras\u00a0 ganas de superarnos d\u00eda a d\u00eda. El infinito es&hellip;<\/p>\n","protected":false},"featured_media":4589,"template":"","meta":[],"_links":{"self":[{"href":"https:\/\/northinkbrand.com\/index.php\/wp-json\/wp\/v2\/product\/4734"}],"collection":[{"href":"https:\/\/northinkbrand.com\/index.php\/wp-json\/wp\/v2\/product"}],"about":[{"href":"https:\/\/northinkbrand.com\/index.php\/wp-json\/wp\/v2\/types\/product"}],"version-history":[{"count":2,"href":"https:\/\/northinkbrand.com\/index.php\/wp-json\/wp\/v2\/product\/4734\/revisions"}],"predecessor-version":[{"id":7764,"href":"https:\/\/northinkbrand.com\/index.php\/wp-json\/wp\/v2\/product\/4734\/revisions\/7764"}],"wp:featuredmedia":[{"embeddable":true,"href":"https:\/\/northinkbrand.com\/index.php\/wp-json\/wp\/v2\/media\/4589"}],"wp:attachment":[{"href":"https:\/\/northinkbrand.com\/index.php\/wp-json\/wp\/v2\/media?parent=4734"}],"curies":[{"name":"wp","href":"https:\/\/api.w.org\/{rel}","templated":true}]}}