{"id":292,"date":"2018-11-23T21:13:07","date_gmt":"2018-11-23T21:13:07","guid":{"rendered":"http:\/\/northinkbrand.com\/?post_type=product&#038;p=292"},"modified":"2024-04-30T09:33:55","modified_gmt":"2024-04-30T09:33:55","slug":"camiseta-nxi-x-flecha-unica","status":"publish","type":"product","link":"https:\/\/northinkbrand.com\/index.php\/producto\/camiseta-nxi-x-flecha-unica\/","title":{"rendered":"Camiseta nxi x flecha \u00fanica"},"content":{"rendered":"<table style=\"height: 97px;\" width=\"992\">\n<tbody>\n<tr>\n<td width=\"232\">Camiseta estampada con nuestro logo m\u00e1s minimal pero uno de los m\u00e1s vendidos en la parte delantera y nuestro logo arrow estampado grande por detr\u00e1s.<\/p>\n<ul>\n<li><strong>Composici\u00f3n<\/strong>: 100% Algod\u00f3n Cardado Y Ba\u00f1o Enzim\u00e1tico, Punto Liso<\/li>\n<li><strong>Gramaje<\/strong>: 190 g\/m\u00b2<\/li>\n<\/ul>\n<p>Todos nuestros productos son fabricados y dise\u00f1ados a nivel nacional.<\/td>\n<\/tr>\n<\/tbody>\n<\/table>\n<p>&nbsp;<\/p>\n","protected":false},"excerpt":{"rendered":"<p>Camiseta estampada con nuestro logo m\u00e1s minimal pero uno de los m\u00e1s vendidos en la parte delantera y nuestro logo&hellip;<\/p>\n","protected":false},"featured_media":4007,"template":"","meta":[],"_links":{"self":[{"href":"https:\/\/northinkbrand.com\/index.php\/wp-json\/wp\/v2\/product\/292"}],"collection":[{"href":"https:\/\/northinkbrand.com\/index.php\/wp-json\/wp\/v2\/product"}],"about":[{"href":"https:\/\/northinkbrand.com\/index.php\/wp-json\/wp\/v2\/types\/product"}],"version-history":[{"count":2,"href":"https:\/\/northinkbrand.com\/index.php\/wp-json\/wp\/v2\/product\/292\/revisions"}],"predecessor-version":[{"id":8601,"href":"https:\/\/northinkbrand.com\/index.php\/wp-json\/wp\/v2\/product\/292\/revisions\/8601"}],"wp:featuredmedia":[{"embeddable":true,"href":"https:\/\/northinkbrand.com\/index.php\/wp-json\/wp\/v2\/media\/4007"}],"wp:attachment":[{"href":"https:\/\/northinkbrand.com\/index.php\/wp-json\/wp\/v2\/media?parent=292"}],"curies":[{"name":"wp","href":"https:\/\/api.w.org\/{rel}","templated":true}]}}