{"id":2806,"date":"2020-05-02T20:27:46","date_gmt":"2020-05-02T20:27:46","guid":{"rendered":"http:\/\/northinkbrand.com\/?post_type=product&#038;p=2806"},"modified":"2021-07-14T11:35:18","modified_gmt":"2021-07-14T11:35:18","slug":"abrigo-north-adventure","status":"publish","type":"product","link":"https:\/\/northinkbrand.com\/index.php\/producto\/abrigo-north-adventure\/","title":{"rendered":"ABRIGO NORTH ADVENTURE"},"content":{"rendered":"<p>Abrigo North Adventure: compuesto por 2 capas y corte deportivo. Cremallera central a contraste con el tirador y color principal. Forro interno micropolar. Bolsillo externo en pecho, bolsillo manga y dos bolsillo laterales todos con cierre de cremallera. Ribete elastico en pu\u00f1os y bajo. Capucha extraible con forro micropolar para convertir en 5 segundos tu abrigo en chaqueta. Todas las caracteristicas necesarias para que esta nueva prenda NORTH, te acompa\u00f1e en tus aventuras y tambi\u00e9n en el d\u00eda a d\u00eda. Dos dise\u00f1os diferentes: Serendipia-Negro, Mano Farima-Orange. Si quieres cambiar el dise\u00f1o en el otro color, especificalo en notas de pedido.<\/p>\n","protected":false},"excerpt":{"rendered":"<p>Abrigo North Adventure: compuesto por 2 capas y corte deportivo. Cremallera central a contraste con el tirador y color principal.&hellip;<\/p>\n","protected":false},"featured_media":4187,"template":"","meta":[],"_links":{"self":[{"href":"https:\/\/northinkbrand.com\/index.php\/wp-json\/wp\/v2\/product\/2806"}],"collection":[{"href":"https:\/\/northinkbrand.com\/index.php\/wp-json\/wp\/v2\/product"}],"about":[{"href":"https:\/\/northinkbrand.com\/index.php\/wp-json\/wp\/v2\/types\/product"}],"version-history":[{"count":1,"href":"https:\/\/northinkbrand.com\/index.php\/wp-json\/wp\/v2\/product\/2806\/revisions"}],"predecessor-version":[{"id":4203,"href":"https:\/\/northinkbrand.com\/index.php\/wp-json\/wp\/v2\/product\/2806\/revisions\/4203"}],"wp:featuredmedia":[{"embeddable":true,"href":"https:\/\/northinkbrand.com\/index.php\/wp-json\/wp\/v2\/media\/4187"}],"wp:attachment":[{"href":"https:\/\/northinkbrand.com\/index.php\/wp-json\/wp\/v2\/media?parent=2806"}],"curies":[{"name":"wp","href":"https:\/\/api.w.org\/{rel}","templated":true}]}}