{"id":251,"date":"2018-11-23T20:44:02","date_gmt":"2018-11-23T20:44:02","guid":{"rendered":"http:\/\/northinkbrand.com\/?post_type=product&#038;p=251"},"modified":"2024-04-30T09:33:12","modified_gmt":"2024-04-30T09:33:12","slug":"camiseta-logo-clasico-x-mano-fatima","status":"publish","type":"product","link":"https:\/\/northinkbrand.com\/index.php\/producto\/camiseta-logo-clasico-x-mano-fatima\/","title":{"rendered":"Camiseta logo cl\u00e1sico x mano f\u00e1tima"},"content":{"rendered":"<p>Camiseta estampada con nuestro logo mas cl\u00e1sico de todo northe\u00f1o por delante y la mano de f\u00e1tima m\u00e1s original del mercado por detr\u00e1s.<\/p>\n<ul>\n<li><strong>Composici\u00f3n<\/strong>: 100% Algod\u00f3n Cardado Y Ba\u00f1o Enzim\u00e1tico, Punto Liso<\/li>\n<li><strong>Gramaje<\/strong>: 190 g\/m\u00b2<\/li>\n<\/ul>\n<p>Todos nuestros productos son fabricados y dise\u00f1ados a nivel nacional.<\/p>\n","protected":false},"excerpt":{"rendered":"<p>Camiseta estampada con nuestro logo mas cl\u00e1sico de todo northe\u00f1o por delante y la mano de f\u00e1tima m\u00e1s original del&hellip;<\/p>\n","protected":false},"featured_media":4069,"template":"","meta":[],"_links":{"self":[{"href":"https:\/\/northinkbrand.com\/index.php\/wp-json\/wp\/v2\/product\/251"}],"collection":[{"href":"https:\/\/northinkbrand.com\/index.php\/wp-json\/wp\/v2\/product"}],"about":[{"href":"https:\/\/northinkbrand.com\/index.php\/wp-json\/wp\/v2\/types\/product"}],"version-history":[{"count":2,"href":"https:\/\/northinkbrand.com\/index.php\/wp-json\/wp\/v2\/product\/251\/revisions"}],"predecessor-version":[{"id":8600,"href":"https:\/\/northinkbrand.com\/index.php\/wp-json\/wp\/v2\/product\/251\/revisions\/8600"}],"wp:featuredmedia":[{"embeddable":true,"href":"https:\/\/northinkbrand.com\/index.php\/wp-json\/wp\/v2\/media\/4069"}],"wp:attachment":[{"href":"https:\/\/northinkbrand.com\/index.php\/wp-json\/wp\/v2\/media?parent=251"}],"curies":[{"name":"wp","href":"https:\/\/api.w.org\/{rel}","templated":true}]}}