{"id":1855,"date":"2019-07-05T12:03:08","date_gmt":"2019-07-05T12:03:08","guid":{"rendered":"http:\/\/northinkbrand.com\/?post_type=product&#038;p=1855"},"modified":"2023-12-06T23:20:46","modified_gmt":"2023-12-06T23:20:46","slug":"polos-fly","status":"publish","type":"product","link":"https:\/\/northinkbrand.com\/index.php\/producto\/polos-fly\/","title":{"rendered":"Polo \u201cTHUNDER\u201d"},"content":{"rendered":"<p>Polos Fly \u201cBolt\u201d Unisex . Ya era de que todos nuestros Northe\u00f1@s tuvierais este producto disponible. Polos muy cl\u00e1sicos y al mismo tiempo rompedores. \u201cBe DIFFERENT Be NORTH\u201d .<\/p>\n<p>Polo t\u00e9cnico en manga corta. Cuello tricotosa con tapeta 3 botones. Tejido transpirable f\u00e1cil lavado y secado. Un polo nunca debe faltar en un armario. North ofrece estilo y comodidad a la vez durante todo el d\u00eda.<\/p>\n<div><strong>Gramaje:<\/strong>\u00a0150 g\/m2 &#8211;\u00a0<strong>Composici\u00f3n:<\/strong>\u00a0Poli\u00e9ster 100%<\/div>\n<div><\/div>\n<div>Pod\u00e9is ver como queda el nuevo color \u201cMenta Oscuro\u201d pod\u00e9is ver c\u00f3mo queda en la foto que salen un chico (<\/div>\n<div>azul claro) y chica (menta oscuro).<\/div>\n<div><\/div>\n<div><\/div>\n","protected":false},"excerpt":{"rendered":"<p>Polos Fly \u201cBolt-Rose\u201d . Ya era de que todos nuestros Northe\u00f1@s tuvierais este producto disponible. Polos muy cl\u00e1sicos y al mismo tiempo rompedores. \u201cBe DIFFERENT Be NORTH\u201d<\/p>\n<p>Polo t\u00e9cnico en manga corta. Cuello tricotosa con tapeta 3 botones. Tejido transpirable f\u00e1cil lavado y secado. Un polo nunca debe faltar en un armario. North ofrece estilo y comodidad a la vez durante todo el d\u00eda.<\/p>\n<div><strong>Gramaje:<\/strong>\u00a0150 g\/m2 &#8211;\u00a0<strong>Composici\u00f3n:<\/strong>\u00a0Poli\u00e9ster 100%<\/div>\n","protected":false},"featured_media":3882,"template":"","meta":[],"_links":{"self":[{"href":"https:\/\/northinkbrand.com\/index.php\/wp-json\/wp\/v2\/product\/1855"}],"collection":[{"href":"https:\/\/northinkbrand.com\/index.php\/wp-json\/wp\/v2\/product"}],"about":[{"href":"https:\/\/northinkbrand.com\/index.php\/wp-json\/wp\/v2\/types\/product"}],"version-history":[{"count":3,"href":"https:\/\/northinkbrand.com\/index.php\/wp-json\/wp\/v2\/product\/1855\/revisions"}],"predecessor-version":[{"id":6634,"href":"https:\/\/northinkbrand.com\/index.php\/wp-json\/wp\/v2\/product\/1855\/revisions\/6634"}],"wp:featuredmedia":[{"embeddable":true,"href":"https:\/\/northinkbrand.com\/index.php\/wp-json\/wp\/v2\/media\/3882"}],"wp:attachment":[{"href":"https:\/\/northinkbrand.com\/index.php\/wp-json\/wp\/v2\/media?parent=1855"}],"curies":[{"name":"wp","href":"https:\/\/api.w.org\/{rel}","templated":true}]}}