{"id":1055,"date":"2019-02-21T17:52:44","date_gmt":"2019-02-21T17:52:44","guid":{"rendered":"http:\/\/northinkbrand.com\/?post_type=product&#038;p=1055"},"modified":"2024-04-30T09:22:40","modified_gmt":"2024-04-30T09:22:40","slug":"camiseta-bordada-invictus","status":"publish","type":"product","link":"https:\/\/northinkbrand.com\/index.php\/producto\/camiseta-bordada-invictus\/","title":{"rendered":"Camiseta bordada Invictus"},"content":{"rendered":"<p>Os presentamos la versi\u00f3n en camiseta de nuestra sudadera con capucha y cremallera de North Ink: el nuevo modelo INVICTUS. Logos bordados.<\/p>\n<ul>\n<li><strong>Composici\u00f3n<\/strong>: 100% Algod\u00f3n Cardado Y Ba\u00f1o Enzim\u00e1tico, Punto Liso<\/li>\n<li><strong>Gramaje<\/strong>: 190 g\/m\u00b2<\/li>\n<\/ul>\n<p>Todos nuestros productos son dise\u00f1ados y fabricados en comercio nacional.<\/p>\n","protected":false},"excerpt":{"rendered":"<p>Os presentamos la versi\u00f3n en camiseta de nuestra sudadera con capucha y cremallera de North Ink: el nuevo modelo INVICTUS.&hellip;<\/p>\n","protected":false},"featured_media":3979,"template":"","meta":[],"_links":{"self":[{"href":"https:\/\/northinkbrand.com\/index.php\/wp-json\/wp\/v2\/product\/1055"}],"collection":[{"href":"https:\/\/northinkbrand.com\/index.php\/wp-json\/wp\/v2\/product"}],"about":[{"href":"https:\/\/northinkbrand.com\/index.php\/wp-json\/wp\/v2\/types\/product"}],"version-history":[{"count":3,"href":"https:\/\/northinkbrand.com\/index.php\/wp-json\/wp\/v2\/product\/1055\/revisions"}],"predecessor-version":[{"id":8593,"href":"https:\/\/northinkbrand.com\/index.php\/wp-json\/wp\/v2\/product\/1055\/revisions\/8593"}],"wp:featuredmedia":[{"embeddable":true,"href":"https:\/\/northinkbrand.com\/index.php\/wp-json\/wp\/v2\/media\/3979"}],"wp:attachment":[{"href":"https:\/\/northinkbrand.com\/index.php\/wp-json\/wp\/v2\/media?parent=1055"}],"curies":[{"name":"wp","href":"https:\/\/api.w.org\/{rel}","templated":true}]}}