{"id":1019,"date":"2019-02-19T23:34:30","date_gmt":"2019-02-19T23:34:30","guid":{"rendered":"http:\/\/northinkbrand.com\/?post_type=product&#038;p=1019"},"modified":"2024-04-30T09:23:44","modified_gmt":"2024-04-30T09:23:44","slug":"camiseta-north-ink-rosa-x-mano-rosa","status":"publish","type":"product","link":"https:\/\/northinkbrand.com\/index.php\/producto\/camiseta-north-ink-rosa-x-mano-rosa\/","title":{"rendered":"Camiseta north ink rosa x mano rosa"},"content":{"rendered":"<p>Camiseta bordada con el nombre de la marca y nuestra m\u00edtica rosa en la parte delantera y nuestra mitiqu\u00edsima mano de f\u00e1tima con la rosa dentro bordados por detr\u00e1s.<\/p>\n<ul>\n<li><strong>Composici\u00f3n<\/strong>: 100% Algod\u00f3n Cardado Y Ba\u00f1o Enzim\u00e1tico, Punto Liso<\/li>\n<li><strong>Gramaje<\/strong>: 190 g\/m\u00b2<\/li>\n<\/ul>\n<p>Todos nuestros productos son dise\u00f1ados y fabricados en comercio nacional.<\/p>\n","protected":false},"excerpt":{"rendered":"<p>Camiseta bordada con el nombre de la marca y nuestra m\u00edtica rosa en la parte delantera y nuestra mitiqu\u00edsima mano&hellip;<\/p>\n","protected":false},"featured_media":3940,"template":"","meta":[],"_links":{"self":[{"href":"https:\/\/northinkbrand.com\/index.php\/wp-json\/wp\/v2\/product\/1019"}],"collection":[{"href":"https:\/\/northinkbrand.com\/index.php\/wp-json\/wp\/v2\/product"}],"about":[{"href":"https:\/\/northinkbrand.com\/index.php\/wp-json\/wp\/v2\/types\/product"}],"version-history":[{"count":3,"href":"https:\/\/northinkbrand.com\/index.php\/wp-json\/wp\/v2\/product\/1019\/revisions"}],"predecessor-version":[{"id":8594,"href":"https:\/\/northinkbrand.com\/index.php\/wp-json\/wp\/v2\/product\/1019\/revisions\/8594"}],"wp:featuredmedia":[{"embeddable":true,"href":"https:\/\/northinkbrand.com\/index.php\/wp-json\/wp\/v2\/media\/3940"}],"wp:attachment":[{"href":"https:\/\/northinkbrand.com\/index.php\/wp-json\/wp\/v2\/media?parent=1019"}],"curies":[{"name":"wp","href":"https:\/\/api.w.org\/{rel}","templated":true}]}}