{"id":827,"date":"2019-01-20T21:00:31","date_gmt":"2019-01-20T21:00:31","guid":{"rendered":"http:\/\/northinkbrand.com\/?page_id=827"},"modified":"2022-01-27T16:20:04","modified_gmt":"2022-01-27T16:20:04","slug":"metodo-de-pago","status":"publish","type":"page","link":"https:\/\/northinkbrand.com\/index.php\/metodo-de-pago\/","title":{"rendered":"M\u00e9todo de pago"},"content":{"rendered":"<p>TARJETA DE CR\u00c9DITO O D\u00c9BITO<\/p>\n<p>Actualmente utilizamos la plataforma Stripe como pasarela para realizar tus pagos. Se trata de un pago seguro que podr\u00e1s realizar con tu tarjeta a trav\u00e9s de la misma pasarela.<\/p>\n<p>Si tienes cualquier duda o deseas realizar tu pago de otra forma por favor ponte en contacto con nosotros en el email de contacto northinkbrand@gmail.com o bien a trav\u00e9s de mensaje directo en nuestro Instagram @north.ink.<\/p>\n<p>FACTURA DE COMPRA<\/p>\n<p>Si no has recibido tu factura de compra de tu producto en tu bandeja de entrada ponte en contacto con nosotros para que te la facilitemos. Env\u00eda un mail a northinkbrand@gmail.com con el numero de pedido y te la proporcionaremos en un plazo de 24h.<\/p>\n","protected":false},"excerpt":{"rendered":"<p>TARJETA DE CR\u00c9DITO O D\u00c9BITO Actualmente utilizamos la plataforma Stripe como pasarela para realizar tus pagos. Se trata de un&hellip;<\/p>\n","protected":false},"author":1,"featured_media":0,"parent":0,"menu_order":0,"comment_status":"closed","ping_status":"closed","template":"elementor_header_footer","meta":[],"_links":{"self":[{"href":"https:\/\/northinkbrand.com\/index.php\/wp-json\/wp\/v2\/pages\/827"}],"collection":[{"href":"https:\/\/northinkbrand.com\/index.php\/wp-json\/wp\/v2\/pages"}],"about":[{"href":"https:\/\/northinkbrand.com\/index.php\/wp-json\/wp\/v2\/types\/page"}],"author":[{"embeddable":true,"href":"https:\/\/northinkbrand.com\/index.php\/wp-json\/wp\/v2\/users\/1"}],"replies":[{"embeddable":true,"href":"https:\/\/northinkbrand.com\/index.php\/wp-json\/wp\/v2\/comments?post=827"}],"version-history":[{"count":3,"href":"https:\/\/northinkbrand.com\/index.php\/wp-json\/wp\/v2\/pages\/827\/revisions"}],"predecessor-version":[{"id":3869,"href":"https:\/\/northinkbrand.com\/index.php\/wp-json\/wp\/v2\/pages\/827\/revisions\/3869"}],"wp:attachment":[{"href":"https:\/\/northinkbrand.com\/index.php\/wp-json\/wp\/v2\/media?parent=827"}],"curies":[{"name":"wp","href":"https:\/\/api.w.org\/{rel}","templated":true}]}}